{"id":110,"date":"2021-10-18T15:32:27","date_gmt":"2021-10-18T13:32:27","guid":{"rendered":"https:\/\/conscienteconconciencia.wordpress.com\/?page_id=110"},"modified":"2025-12-14T11:02:55","modified_gmt":"2025-12-14T10:02:55","slug":"covid-19","status":"publish","type":"page","link":"https:\/\/conscienteconconciencia.com\/index.php\/covid-19\/","title":{"rendered":"COVID-19\u00a0\u00a0\u00a0&#8211;\u300bm\u00e1s info"},"content":{"rendered":"\n<p class=\"has-text-align-justify\">\u00bfQu\u00e9 ha provocado en m\u00ed la aparici\u00f3n del virus del Corona en relaci\u00f3n a mis emociones, pensamientos y creencias? \u00a1Preguntas! Muchas preguntas que ante eventos sanitarios del pasado ni siquiera me hubiera imaginado preguntar. <br>\u00bfY por qu\u00e9? <br>\u00bfQu\u00e9 ha cambiado dentro o fuera de m\u00ed para que esto suceda?<\/p>\n\n\n\n<p class=\"has-text-align-justify\">Mi naturaleza curiosa me ha servido cuando por muchos a\u00f1os quise buscar algo m\u00e1s all\u00e1 de las primeras im\u00e1genes o ideas que tuve frente a m\u00ed. Partiendo de la base de que no hay nada equivocado en esto y que forma parte de un derecho natural como individuo y ciudadano libre de este mundo, es que las preguntas comenzaron a venir a m\u00ed casi como si estuviera en un auto-interrogatorio existencial.<br><br>Recordando de inmediato la <a href=\"https:\/\/www.un.org\/es\/about-us\/universal-declaration-of-human-rights\"><strong>Declaraci\u00f3n Universal de Derechos Humanos<\/strong><\/a>, quiero plasmar en esta web todas las preguntas que fluyan para poder ir en la direcci\u00f3n de (ser posible) encontrar las respuestas respectivas.<\/p>\n\n\n\n<div class=\"wp-block-cover aligncenter is-light\"><img loading=\"lazy\" decoding=\"async\" width=\"761\" height=\"761\" class=\"wp-block-cover__image-background wp-image-173\" alt=\"\" src=\"https:\/\/conscienteconconciencia.files.wordpress.com\/2021\/10\/art-19.jpg?w=761\" data-object-fit=\"cover\" srcset=\"https:\/\/conscienteconconciencia.com\/wp-content\/uploads\/2021\/10\/art-19.jpg 761w, https:\/\/conscienteconconciencia.com\/wp-content\/uploads\/2021\/10\/art-19-300x300.jpg 300w, https:\/\/conscienteconconciencia.com\/wp-content\/uploads\/2021\/10\/art-19-150x150.jpg 150w\" sizes=\"auto, (max-width: 761px) 100vw, 761px\" \/><span aria-hidden=\"true\" class=\"wp-block-cover__background has-background-dim\"><\/span><div class=\"wp-block-cover__inner-container is-layout-flow wp-block-cover-is-layout-flow\">\n<p style=\"font-size:24px\"><strong>Art\u00edculo 19<br>\u00abTodo individuo tiene derecho a la libertad de opini\u00f3n y de expresi\u00f3n; este derecho incluye el de no ser molestado a causa de sus opiniones, el de investigar y recibir informaciones y opiniones, y el de difundirlas, sin limitaci\u00f3n de fronteras, por cualquier medio de expresi\u00f3n<\/strong>\u00ab<\/p>\n\n\n\n<p class=\"has-normal-font-size\">Declaraci\u00f3n Universal de Derechos Humanos<br>Adoptada y proclamada por la Asamblea General en su resoluci\u00f3n 217 A (III).<br>10 de Diciembre de 1948<\/p>\n<\/div><\/div>\n\n\n\n<p class=\"has-text-align-justify\"><br>Para darle un orden a las preguntas y dudas frecuentes, eleg\u00ed crear estas secciones relacionadas con este tema de la siguiente manera:<\/p>\n\n\n\n<p><br><strong>COVID-19 &#8211; <a href=\"https:\/\/conscienteconconciencia.com\/index.php\/category\/covid-19-cientificos\/\">Cient\u00edficos<\/a><\/strong>: m\u00e9dicos, cient\u00edficos, investigadores de distintas especialidades que est\u00e1n comprometiendo sus carreras profesionales en busca de la pluralidad de opiniones.<br><strong>COVID-19 &#8211; <a href=\"https:\/\/conscienteconconciencia.com\/index.php\/category\/covid-19-legales\/\">Legales<\/a><\/strong>: voces de juristas profesionales analizan diversos aspectos de las medidas sanitarias implementadas en diversas \u00e1reas.<br><strong>COVID-19 &#8211; <a href=\"https:\/\/conscienteconconciencia.com\/index.php\/category\/covid-19-mediateca\/\" target=\"_blank\" rel=\"noreferrer noopener\">Mediateca<\/a><\/strong>: videos, documentales y films m\u00e1s relevantes que describen y analizan lo que estamos viviendo.<br><strong>COVID-19 &#8211; <a href=\"https:\/\/conscienteconconciencia.com\/index.php\/category\/covid-19-medios-de-prensa\/\" target=\"_blank\" rel=\"noreferrer noopener\">Medios de Prensa<\/a><\/strong>: voces de juristas profesionales analizan diversos aspectos de las medidas sanitarias implementadas en diversas \u00e1reas.<br><strong>COVID-19 &#8211; <a href=\"https:\/\/conscienteconconciencia.com\/index.php\/category\/covid-19-organizaciones\/\">Organizaciones<\/a><\/strong>: agrupaciones conformadas para potenciar la investigaci\u00f3n, la discusi\u00f3n y promoci\u00f3n en busca de otras alternativas.<br><strong>COVID-19 &#8211; <a href=\"https:\/\/conscienteconconciencia.com\/index.php\/category\/covid-19-sociedad\/\">Sociedad<\/a><\/strong>: el alto impacto social tiene consecuencias y no solo sanitarias.<br><strong>COVID-19 &#8211; <a href=\"https:\/\/conscienteconconciencia.com\/index.php\/category\/covid-19-tratamientos\/\">Tratamientos<\/a><\/strong>: se est\u00e1 intentando demostrar que la omisi\u00f3n de tratamientos paliativos y curativos alternativos al plan de vacunaci\u00f3n no facilita la soluci\u00f3n de este grave problema mundial.<br><strong>COVID-19 &#8211; <a href=\"https:\/\/conscienteconconciencia.com\/index.php\/category\/covid-19-vacunas\/\">Vacunas<\/a><\/strong>: pol\u00edtica sanitaria, los laboratorios, acuerdos con los pa\u00edses y efectos adversos documentados.<br><strong>COVID-19 &#8211; <a href=\"https:\/\/conscienteconconciencia.com\/index.php\/category\/covid-19-varios\/\">Varios<\/a><\/strong>: informaci\u00f3n varia que no puede clasificarse en las categor\u00edas anteriores.<\/p>\n\n\n\n<p class=\"has-text-align-justify\">(El orden solo es alfab\u00e9tico, no por relevancia)<br><br>All\u00ed podr\u00e1s encontrar un amplio repositorio de material alusivo a cada tema, por ejemplo: editoriales de prensa, estudios directos y sus fuentes, links a informaci\u00f3n multimedia y muchas otras formas de informaci\u00f3n para poder tener un panorama m\u00e1s amplio al respecto del tema COVID-19 y sus implicancias.<\/p>\n","protected":false},"excerpt":{"rendered":"<p>\u00bfQu\u00e9 ha provocado en m\u00ed la aparici\u00f3n del virus del Corona en relaci\u00f3n a mis emociones, pensamientos y creencias? \u00a1Preguntas! Muchas preguntas que ante eventos sanitarios del pasado ni siquiera me hubiera imaginado preguntar. \u00bfY por qu\u00e9? \u00bfQu\u00e9 ha cambiado dentro o fuera de m\u00ed para que esto suceda? Mi naturaleza curiosa me ha servido &hellip; <a href=\"https:\/\/conscienteconconciencia.com\/index.php\/covid-19\/\" class=\"more-link\">Sigue leyendo <span class=\"screen-reader-text\">COVID-19\u00a0\u00a0\u00a0&#8211;\u300bm\u00e1s info<\/span><\/a><\/p>\n","protected":false},"author":1,"featured_media":112,"parent":0,"menu_order":5,"comment_status":"closed","ping_status":"closed","template":"","meta":{"footnotes":""},"class_list":["post-110","page","type-page","status-publish","has-post-thumbnail","hentry"],"yoast_head":"<!-- This site is optimized with the Yoast SEO plugin v27.6 - https:\/\/yoast.com\/product\/yoast-seo-wordpress\/ -->\n<title>COVID-19\u00a0\u00a0\u00a0-\u300bm\u00e1s info - Consciente con Conciencia<\/title>\n<meta name=\"robots\" content=\"index, follow, max-snippet:-1, max-image-preview:large, max-video-preview:-1\" \/>\n<link rel=\"canonical\" href=\"https:\/\/conscienteconconciencia.com\/index.php\/covid-19\/\" \/>\n<meta property=\"og:locale\" content=\"es_ES\" \/>\n<meta property=\"og:type\" content=\"article\" \/>\n<meta property=\"og:title\" content=\"COVID-19\u00a0\u00a0\u00a0-\u300bm\u00e1s info - Consciente con Conciencia\" \/>\n<meta property=\"og:description\" content=\"\u00bfQu\u00e9 ha provocado en m\u00ed la aparici\u00f3n del virus del Corona en relaci\u00f3n a mis emociones, pensamientos y creencias? \u00a1Preguntas! Muchas preguntas que ante eventos sanitarios del pasado ni siquiera me hubiera imaginado preguntar. \u00bfY por qu\u00e9? \u00bfQu\u00e9 ha cambiado dentro o fuera de m\u00ed para que esto suceda? Mi naturaleza curiosa me ha servido &hellip; Sigue leyendo COVID-19\u00a0\u00a0\u00a0&#8211;\u300bm\u00e1s info\" \/>\n<meta property=\"og:url\" content=\"https:\/\/conscienteconconciencia.com\/index.php\/covid-19\/\" \/>\n<meta property=\"og:site_name\" content=\"Consciente con Conciencia\" \/>\n<meta property=\"article:modified_time\" content=\"2025-12-14T10:02:55+00:00\" \/>\n<meta property=\"og:image\" content=\"https:\/\/conscienteconconciencia.com\/wp-content\/uploads\/2021\/10\/pexels-karolina-grabowska-4386466-a.jpg\" \/>\n\t<meta property=\"og:image:width\" content=\"1080\" \/>\n\t<meta property=\"og:image:height\" content=\"720\" \/>\n\t<meta property=\"og:image:type\" content=\"image\/jpeg\" \/>\n<meta name=\"twitter:card\" content=\"summary_large_image\" \/>\n<meta name=\"twitter:label1\" content=\"Tiempo de lectura\" \/>\n\t<meta name=\"twitter:data1\" content=\"3 minutos\" \/>\n<script type=\"application\/ld+json\" class=\"yoast-schema-graph\">{\"@context\":\"https:\\\/\\\/schema.org\",\"@graph\":[{\"@type\":\"WebPage\",\"@id\":\"https:\\\/\\\/conscienteconconciencia.com\\\/index.php\\\/covid-19\\\/\",\"url\":\"https:\\\/\\\/conscienteconconciencia.com\\\/index.php\\\/covid-19\\\/\",\"name\":\"COVID-19\u00a0\u00a0\u00a0-\u300bm\u00e1s info - Consciente con Conciencia\",\"isPartOf\":{\"@id\":\"https:\\\/\\\/conscienteconconciencia.com\\\/#website\"},\"primaryImageOfPage\":{\"@id\":\"https:\\\/\\\/conscienteconconciencia.com\\\/index.php\\\/covid-19\\\/#primaryimage\"},\"image\":{\"@id\":\"https:\\\/\\\/conscienteconconciencia.com\\\/index.php\\\/covid-19\\\/#primaryimage\"},\"thumbnailUrl\":\"https:\\\/\\\/conscienteconconciencia.com\\\/wp-content\\\/uploads\\\/2021\\\/10\\\/pexels-karolina-grabowska-4386466-a.jpg\",\"datePublished\":\"2021-10-18T13:32:27+00:00\",\"dateModified\":\"2025-12-14T10:02:55+00:00\",\"breadcrumb\":{\"@id\":\"https:\\\/\\\/conscienteconconciencia.com\\\/index.php\\\/covid-19\\\/#breadcrumb\"},\"inLanguage\":\"es\",\"potentialAction\":[{\"@type\":\"ReadAction\",\"target\":[\"https:\\\/\\\/conscienteconconciencia.com\\\/index.php\\\/covid-19\\\/\"]}]},{\"@type\":\"ImageObject\",\"inLanguage\":\"es\",\"@id\":\"https:\\\/\\\/conscienteconconciencia.com\\\/index.php\\\/covid-19\\\/#primaryimage\",\"url\":\"https:\\\/\\\/conscienteconconciencia.com\\\/wp-content\\\/uploads\\\/2021\\\/10\\\/pexels-karolina-grabowska-4386466-a.jpg\",\"contentUrl\":\"https:\\\/\\\/conscienteconconciencia.com\\\/wp-content\\\/uploads\\\/2021\\\/10\\\/pexels-karolina-grabowska-4386466-a.jpg\",\"width\":1080,\"height\":720,\"caption\":\"https:\\\/\\\/www.pexels.com\\\/es-es\\\/@karolina-grabowska?utm_content=attributionCopyText&amp;utm_medium=referral&amp;utm_source=pexels\"},{\"@type\":\"BreadcrumbList\",\"@id\":\"https:\\\/\\\/conscienteconconciencia.com\\\/index.php\\\/covid-19\\\/#breadcrumb\",\"itemListElement\":[{\"@type\":\"ListItem\",\"position\":1,\"name\":\"Portada\",\"item\":\"https:\\\/\\\/conscienteconconciencia.com\\\/\"},{\"@type\":\"ListItem\",\"position\":2,\"name\":\"COVID-19\u00a0\u00a0\u00a0&#8211;\u300bm\u00e1s info\"}]},{\"@type\":\"WebSite\",\"@id\":\"https:\\\/\\\/conscienteconconciencia.com\\\/#website\",\"url\":\"https:\\\/\\\/conscienteconconciencia.com\\\/\",\"name\":\"Consciente con Conciencia\",\"description\":\"El bienestar integral es responsabilidad individual, los beneficios son para todos\",\"publisher\":{\"@id\":\"https:\\\/\\\/conscienteconconciencia.com\\\/#organization\"},\"potentialAction\":[{\"@type\":\"SearchAction\",\"target\":{\"@type\":\"EntryPoint\",\"urlTemplate\":\"https:\\\/\\\/conscienteconconciencia.com\\\/?s={search_term_string}\"},\"query-input\":{\"@type\":\"PropertyValueSpecification\",\"valueRequired\":true,\"valueName\":\"search_term_string\"}}],\"inLanguage\":\"es\"},{\"@type\":\"Organization\",\"@id\":\"https:\\\/\\\/conscienteconconciencia.com\\\/#organization\",\"name\":\"Consciente con Conciencia\",\"url\":\"https:\\\/\\\/conscienteconconciencia.com\\\/\",\"logo\":{\"@type\":\"ImageObject\",\"inLanguage\":\"es\",\"@id\":\"https:\\\/\\\/conscienteconconciencia.com\\\/#\\\/schema\\\/logo\\\/image\\\/\",\"url\":\"https:\\\/\\\/conscienteconconciencia.com\\\/wp-content\\\/uploads\\\/2021\\\/11\\\/cropped-cropped-logo2.jpg\",\"contentUrl\":\"https:\\\/\\\/conscienteconconciencia.com\\\/wp-content\\\/uploads\\\/2021\\\/11\\\/cropped-cropped-logo2.jpg\",\"width\":248,\"height\":248,\"caption\":\"Consciente con Conciencia\"},\"image\":{\"@id\":\"https:\\\/\\\/conscienteconconciencia.com\\\/#\\\/schema\\\/logo\\\/image\\\/\"}}]}<\/script>\n<!-- \/ Yoast SEO plugin. -->","yoast_head_json":{"title":"COVID-19\u00a0\u00a0\u00a0-\u300bm\u00e1s info - Consciente con Conciencia","robots":{"index":"index","follow":"follow","max-snippet":"max-snippet:-1","max-image-preview":"max-image-preview:large","max-video-preview":"max-video-preview:-1"},"canonical":"https:\/\/conscienteconconciencia.com\/index.php\/covid-19\/","og_locale":"es_ES","og_type":"article","og_title":"COVID-19\u00a0\u00a0\u00a0-\u300bm\u00e1s info - Consciente con Conciencia","og_description":"\u00bfQu\u00e9 ha provocado en m\u00ed la aparici\u00f3n del virus del Corona en relaci\u00f3n a mis emociones, pensamientos y creencias? \u00a1Preguntas! Muchas preguntas que ante eventos sanitarios del pasado ni siquiera me hubiera imaginado preguntar. \u00bfY por qu\u00e9? \u00bfQu\u00e9 ha cambiado dentro o fuera de m\u00ed para que esto suceda? Mi naturaleza curiosa me ha servido &hellip; Sigue leyendo COVID-19\u00a0\u00a0\u00a0&#8211;\u300bm\u00e1s info","og_url":"https:\/\/conscienteconconciencia.com\/index.php\/covid-19\/","og_site_name":"Consciente con Conciencia","article_modified_time":"2025-12-14T10:02:55+00:00","og_image":[{"width":1080,"height":720,"url":"https:\/\/conscienteconconciencia.com\/wp-content\/uploads\/2021\/10\/pexels-karolina-grabowska-4386466-a.jpg","type":"image\/jpeg"}],"twitter_card":"summary_large_image","twitter_misc":{"Tiempo de lectura":"3 minutos"},"schema":{"@context":"https:\/\/schema.org","@graph":[{"@type":"WebPage","@id":"https:\/\/conscienteconconciencia.com\/index.php\/covid-19\/","url":"https:\/\/conscienteconconciencia.com\/index.php\/covid-19\/","name":"COVID-19\u00a0\u00a0\u00a0-\u300bm\u00e1s info - Consciente con Conciencia","isPartOf":{"@id":"https:\/\/conscienteconconciencia.com\/#website"},"primaryImageOfPage":{"@id":"https:\/\/conscienteconconciencia.com\/index.php\/covid-19\/#primaryimage"},"image":{"@id":"https:\/\/conscienteconconciencia.com\/index.php\/covid-19\/#primaryimage"},"thumbnailUrl":"https:\/\/conscienteconconciencia.com\/wp-content\/uploads\/2021\/10\/pexels-karolina-grabowska-4386466-a.jpg","datePublished":"2021-10-18T13:32:27+00:00","dateModified":"2025-12-14T10:02:55+00:00","breadcrumb":{"@id":"https:\/\/conscienteconconciencia.com\/index.php\/covid-19\/#breadcrumb"},"inLanguage":"es","potentialAction":[{"@type":"ReadAction","target":["https:\/\/conscienteconconciencia.com\/index.php\/covid-19\/"]}]},{"@type":"ImageObject","inLanguage":"es","@id":"https:\/\/conscienteconconciencia.com\/index.php\/covid-19\/#primaryimage","url":"https:\/\/conscienteconconciencia.com\/wp-content\/uploads\/2021\/10\/pexels-karolina-grabowska-4386466-a.jpg","contentUrl":"https:\/\/conscienteconconciencia.com\/wp-content\/uploads\/2021\/10\/pexels-karolina-grabowska-4386466-a.jpg","width":1080,"height":720,"caption":"https:\/\/www.pexels.com\/es-es\/@karolina-grabowska?utm_content=attributionCopyText&amp;utm_medium=referral&amp;utm_source=pexels"},{"@type":"BreadcrumbList","@id":"https:\/\/conscienteconconciencia.com\/index.php\/covid-19\/#breadcrumb","itemListElement":[{"@type":"ListItem","position":1,"name":"Portada","item":"https:\/\/conscienteconconciencia.com\/"},{"@type":"ListItem","position":2,"name":"COVID-19\u00a0\u00a0\u00a0&#8211;\u300bm\u00e1s info"}]},{"@type":"WebSite","@id":"https:\/\/conscienteconconciencia.com\/#website","url":"https:\/\/conscienteconconciencia.com\/","name":"Consciente con Conciencia","description":"El bienestar integral es responsabilidad individual, los beneficios son para todos","publisher":{"@id":"https:\/\/conscienteconconciencia.com\/#organization"},"potentialAction":[{"@type":"SearchAction","target":{"@type":"EntryPoint","urlTemplate":"https:\/\/conscienteconconciencia.com\/?s={search_term_string}"},"query-input":{"@type":"PropertyValueSpecification","valueRequired":true,"valueName":"search_term_string"}}],"inLanguage":"es"},{"@type":"Organization","@id":"https:\/\/conscienteconconciencia.com\/#organization","name":"Consciente con Conciencia","url":"https:\/\/conscienteconconciencia.com\/","logo":{"@type":"ImageObject","inLanguage":"es","@id":"https:\/\/conscienteconconciencia.com\/#\/schema\/logo\/image\/","url":"https:\/\/conscienteconconciencia.com\/wp-content\/uploads\/2021\/11\/cropped-cropped-logo2.jpg","contentUrl":"https:\/\/conscienteconconciencia.com\/wp-content\/uploads\/2021\/11\/cropped-cropped-logo2.jpg","width":248,"height":248,"caption":"Consciente con Conciencia"},"image":{"@id":"https:\/\/conscienteconconciencia.com\/#\/schema\/logo\/image\/"}}]}},"_links":{"self":[{"href":"https:\/\/conscienteconconciencia.com\/index.php\/wp-json\/wp\/v2\/pages\/110","targetHints":{"allow":["GET"]}}],"collection":[{"href":"https:\/\/conscienteconconciencia.com\/index.php\/wp-json\/wp\/v2\/pages"}],"about":[{"href":"https:\/\/conscienteconconciencia.com\/index.php\/wp-json\/wp\/v2\/types\/page"}],"author":[{"embeddable":true,"href":"https:\/\/conscienteconconciencia.com\/index.php\/wp-json\/wp\/v2\/users\/1"}],"replies":[{"embeddable":true,"href":"https:\/\/conscienteconconciencia.com\/index.php\/wp-json\/wp\/v2\/comments?post=110"}],"version-history":[{"count":9,"href":"https:\/\/conscienteconconciencia.com\/index.php\/wp-json\/wp\/v2\/pages\/110\/revisions"}],"predecessor-version":[{"id":1873,"href":"https:\/\/conscienteconconciencia.com\/index.php\/wp-json\/wp\/v2\/pages\/110\/revisions\/1873"}],"wp:featuredmedia":[{"embeddable":true,"href":"https:\/\/conscienteconconciencia.com\/index.php\/wp-json\/wp\/v2\/media\/112"}],"wp:attachment":[{"href":"https:\/\/conscienteconconciencia.com\/index.php\/wp-json\/wp\/v2\/media?parent=110"}],"curies":[{"name":"wp","href":"https:\/\/api.w.org\/{rel}","templated":true}]}}