{"id":6,"date":"2021-10-17T22:28:15","date_gmt":"2021-10-17T21:28:15","guid":{"rendered":"https:\/\/conscienteconconciencia.wordpress.com\/home\/"},"modified":"2024-05-12T12:41:51","modified_gmt":"2024-05-12T10:41:51","slug":"home","status":"publish","type":"page","link":"https:\/\/conscienteconconciencia.com\/","title":{"rendered":"\u00a1Bienvenidos!"},"content":{"rendered":"\n<div class=\"wp-block-cover alignfull is-light is-style-default\"><span aria-hidden=\"true\" class=\"wp-block-cover__background has-background-dim-10 has-background-dim\"><\/span><img loading=\"lazy\" decoding=\"async\" width=\"1917\" height=\"635\" class=\"wp-block-cover__image-background wp-image-50\" alt=\"\" src=\"https:\/\/conscienteconconciencia.files.wordpress.com\/2021\/10\/mundo-consciente-con-conciencia.jpg\" data-object-fit=\"cover\" srcset=\"https:\/\/conscienteconconciencia.com\/wp-content\/uploads\/2021\/10\/mundo-consciente-con-conciencia.jpg 1917w, https:\/\/conscienteconconciencia.com\/wp-content\/uploads\/2021\/10\/mundo-consciente-con-conciencia-300x99.jpg 300w, https:\/\/conscienteconconciencia.com\/wp-content\/uploads\/2021\/10\/mundo-consciente-con-conciencia-1024x339.jpg 1024w, https:\/\/conscienteconconciencia.com\/wp-content\/uploads\/2021\/10\/mundo-consciente-con-conciencia-768x254.jpg 768w, https:\/\/conscienteconconciencia.com\/wp-content\/uploads\/2021\/10\/mundo-consciente-con-conciencia-1536x509.jpg 1536w\" sizes=\"auto, (max-width: 1917px) 100vw, 1917px\" \/><div class=\"wp-block-cover__inner-container is-layout-flow wp-block-cover-is-layout-flow\">\n<div class=\"wp-block-jetpack-layout-grid alignfull column1-desktop-grid__span-12 column1-desktop-grid__row-1 column1-tablet-grid__span-8 column1-tablet-grid__row-1 column1-mobile-grid__span-4 column1-mobile-grid__row-1 wp-block-jetpack-layout-gutter__nowrap wp-block-jetpack-layout-gutter__none\">\n<div class=\"wp-block-jetpack-layout-grid-column wp-block-jetpack-layout-grid__padding-none\">\n<h1 class=\"wp-block-heading has-text-align-center\" id=\"que-todos-los-seres-sean-felices\">\u00abQue todos los seres <br>sean felices\u00bb<\/h1>\n\n\n\n<p class=\"has-text-align-center\">Reflexiones y experiencias que aportan <br>calidad a mi vida y al entorno que habito.<\/p>\n\n\n\n<div class=\"wp-block-buttons is-layout-flex wp-block-buttons-is-layout-flex\"><\/div>\n<\/div>\n<\/div>\n\n\n\n<p><\/p>\n<\/div><\/div>\n\n\n\n<div class=\"wp-block-group alignfull has-background-background-color has-background\"><div class=\"wp-block-group__inner-container is-layout-flow wp-block-group-is-layout-flow\">\n<div class=\"wp-block-jetpack-layout-grid alignfull column1-desktop-grid__span-12 column1-desktop-grid__row-1 column1-tablet-grid__span-8 column1-tablet-grid__row-1 column1-mobile-grid__span-4 column1-mobile-grid__row-1\">\n<div class=\"wp-block-jetpack-layout-grid-column wp-block-jetpack-layout-grid__padding-none\"><\/div>\n<\/div>\n<\/div><\/div>\n\n\n\n<p class=\"has-dark-gray-color has-light-gray-background-color has-text-color has-background has-link-color has-medium-font-size wp-elements-62d0bac6493b6e0efde83483b82df2a2\"><br>\u00a1Bienvenido a nuestro rinc\u00f3n dedicado a la salud y bienestar! En tiempos de incertidumbre, estamos aqu\u00ed para ofrecerte informaci\u00f3n personal basada en mi propia experiencia sobre h\u00e1bitos saludables y abordar temas relacionados con la crisis de la COVID-19. Juntos, podemos enfrentar los desaf\u00edos actuales y construir un camino hacia un bienestar duradero.<\/p>\n\n\n\n<p>Puedes navegar esta web y buscar el \u00e1rea o tema de tu inter\u00e9s seleccionando siempre el men\u00fa a la izquierda de esta p\u00e1gina. Cuando encuentres a la derecha un s\u00edmbolo como una \u00ab<strong>v<\/strong>\u00ab, por ejemplo, como aqu\u00ed abajo se muestra:<\/p>\n\n\n<div class=\"wp-block-image\">\n<figure class=\"aligncenter size-full\"><img loading=\"lazy\" decoding=\"async\" width=\"289\" height=\"107\" src=\"https:\/\/conscienteconconciencia.com\/wp-content\/uploads\/2024\/05\/Captura-de-pantalla-2024-05-12-123525.png\" alt=\"\" class=\"wp-image-1785\"\/><\/figure>\n<\/div>\n\n\n<p>Haciendo clic en la \u00ab<strong>V<\/strong>\u00bb despliegas nuevos men\u00fas con acceso a m\u00e1s informaci\u00f3n.<\/p>\n\n\n\n<p>Espero disfrutes y sea de utilidad la informaci\u00f3n aqu\u00ed contenida. <\/p>\n","protected":false},"excerpt":{"rendered":"<p>\u00a1Bienvenido a nuestro rinc\u00f3n dedicado a la salud y bienestar! En tiempos de incertidumbre, estamos aqu\u00ed para ofrecerte informaci\u00f3n personal basada en mi propia experiencia sobre h\u00e1bitos saludables y abordar temas relacionados con la crisis de la COVID-19. Juntos, podemos enfrentar los desaf\u00edos actuales y construir un camino hacia un bienestar duradero. Puedes navegar esta &hellip; <a href=\"https:\/\/conscienteconconciencia.com\/\" class=\"more-link\">Sigue leyendo <span class=\"screen-reader-text\">\u00a1Bienvenidos!<\/span><\/a><\/p>\n","protected":false},"author":1,"featured_media":0,"parent":0,"menu_order":1,"comment_status":"closed","ping_status":"closed","template":"","meta":{"footnotes":""},"class_list":["post-6","page","type-page","status-publish","hentry"],"yoast_head":"<!-- This site is optimized with the Yoast SEO plugin v27.6 - https:\/\/yoast.com\/product\/yoast-seo-wordpress\/ -->\n<title>\u00a1Bienvenidos! - Consciente con Conciencia<\/title>\n<meta name=\"robots\" content=\"index, follow, max-snippet:-1, max-image-preview:large, max-video-preview:-1\" \/>\n<link rel=\"canonical\" href=\"https:\/\/conscienteconconciencia.com\/\" \/>\n<meta property=\"og:locale\" content=\"es_ES\" \/>\n<meta property=\"og:type\" content=\"article\" \/>\n<meta property=\"og:title\" content=\"\u00a1Bienvenidos! - Consciente con Conciencia\" \/>\n<meta property=\"og:description\" content=\"\u00a1Bienvenido a nuestro rinc\u00f3n dedicado a la salud y bienestar! En tiempos de incertidumbre, estamos aqu\u00ed para ofrecerte informaci\u00f3n personal basada en mi propia experiencia sobre h\u00e1bitos saludables y abordar temas relacionados con la crisis de la COVID-19. Juntos, podemos enfrentar los desaf\u00edos actuales y construir un camino hacia un bienestar duradero. Puedes navegar esta &hellip; Sigue leyendo \u00a1Bienvenidos!\" \/>\n<meta property=\"og:url\" content=\"https:\/\/conscienteconconciencia.com\/\" \/>\n<meta property=\"og:site_name\" content=\"Consciente con Conciencia\" \/>\n<meta property=\"article:modified_time\" content=\"2024-05-12T10:41:51+00:00\" \/>\n<meta property=\"og:image\" content=\"https:\/\/conscienteconconciencia.files.wordpress.com\/2021\/10\/mundo-consciente-con-conciencia.jpg\" \/>\n<meta name=\"twitter:card\" content=\"summary_large_image\" \/>\n<meta name=\"twitter:label1\" content=\"Tiempo de lectura\" \/>\n\t<meta name=\"twitter:data1\" content=\"2 minutos\" \/>\n<script type=\"application\/ld+json\" class=\"yoast-schema-graph\">{\"@context\":\"https:\\\/\\\/schema.org\",\"@graph\":[{\"@type\":\"WebPage\",\"@id\":\"https:\\\/\\\/conscienteconconciencia.com\\\/\",\"url\":\"https:\\\/\\\/conscienteconconciencia.com\\\/\",\"name\":\"\u00a1Bienvenidos! - Consciente con Conciencia\",\"isPartOf\":{\"@id\":\"https:\\\/\\\/conscienteconconciencia.com\\\/#website\"},\"primaryImageOfPage\":{\"@id\":\"https:\\\/\\\/conscienteconconciencia.com\\\/#primaryimage\"},\"image\":{\"@id\":\"https:\\\/\\\/conscienteconconciencia.com\\\/#primaryimage\"},\"thumbnailUrl\":\"https:\\\/\\\/conscienteconconciencia.files.wordpress.com\\\/2021\\\/10\\\/mundo-consciente-con-conciencia.jpg\",\"datePublished\":\"2021-10-17T21:28:15+00:00\",\"dateModified\":\"2024-05-12T10:41:51+00:00\",\"breadcrumb\":{\"@id\":\"https:\\\/\\\/conscienteconconciencia.com\\\/#breadcrumb\"},\"inLanguage\":\"es\",\"potentialAction\":[{\"@type\":\"ReadAction\",\"target\":[\"https:\\\/\\\/conscienteconconciencia.com\\\/\"]}]},{\"@type\":\"ImageObject\",\"inLanguage\":\"es\",\"@id\":\"https:\\\/\\\/conscienteconconciencia.com\\\/#primaryimage\",\"url\":\"https:\\\/\\\/conscienteconconciencia.files.wordpress.com\\\/2021\\\/10\\\/mundo-consciente-con-conciencia.jpg\",\"contentUrl\":\"https:\\\/\\\/conscienteconconciencia.files.wordpress.com\\\/2021\\\/10\\\/mundo-consciente-con-conciencia.jpg\"},{\"@type\":\"BreadcrumbList\",\"@id\":\"https:\\\/\\\/conscienteconconciencia.com\\\/#breadcrumb\",\"itemListElement\":[{\"@type\":\"ListItem\",\"position\":1,\"name\":\"Portada\",\"item\":\"https:\\\/\\\/conscienteconconciencia.com\\\/\"},{\"@type\":\"ListItem\",\"position\":2,\"name\":\"\u00a1Bienvenidos!\"}]},{\"@type\":\"WebSite\",\"@id\":\"https:\\\/\\\/conscienteconconciencia.com\\\/#website\",\"url\":\"https:\\\/\\\/conscienteconconciencia.com\\\/\",\"name\":\"Consciente con Conciencia\",\"description\":\"El bienestar integral es responsabilidad individual, los beneficios son para todos\",\"publisher\":{\"@id\":\"https:\\\/\\\/conscienteconconciencia.com\\\/#organization\"},\"potentialAction\":[{\"@type\":\"SearchAction\",\"target\":{\"@type\":\"EntryPoint\",\"urlTemplate\":\"https:\\\/\\\/conscienteconconciencia.com\\\/?s={search_term_string}\"},\"query-input\":{\"@type\":\"PropertyValueSpecification\",\"valueRequired\":true,\"valueName\":\"search_term_string\"}}],\"inLanguage\":\"es\"},{\"@type\":\"Organization\",\"@id\":\"https:\\\/\\\/conscienteconconciencia.com\\\/#organization\",\"name\":\"Consciente con Conciencia\",\"url\":\"https:\\\/\\\/conscienteconconciencia.com\\\/\",\"logo\":{\"@type\":\"ImageObject\",\"inLanguage\":\"es\",\"@id\":\"https:\\\/\\\/conscienteconconciencia.com\\\/#\\\/schema\\\/logo\\\/image\\\/\",\"url\":\"https:\\\/\\\/conscienteconconciencia.com\\\/wp-content\\\/uploads\\\/2021\\\/11\\\/cropped-cropped-logo2.jpg\",\"contentUrl\":\"https:\\\/\\\/conscienteconconciencia.com\\\/wp-content\\\/uploads\\\/2021\\\/11\\\/cropped-cropped-logo2.jpg\",\"width\":248,\"height\":248,\"caption\":\"Consciente con Conciencia\"},\"image\":{\"@id\":\"https:\\\/\\\/conscienteconconciencia.com\\\/#\\\/schema\\\/logo\\\/image\\\/\"}}]}<\/script>\n<!-- \/ Yoast SEO plugin. -->","yoast_head_json":{"title":"\u00a1Bienvenidos! - Consciente con Conciencia","robots":{"index":"index","follow":"follow","max-snippet":"max-snippet:-1","max-image-preview":"max-image-preview:large","max-video-preview":"max-video-preview:-1"},"canonical":"https:\/\/conscienteconconciencia.com\/","og_locale":"es_ES","og_type":"article","og_title":"\u00a1Bienvenidos! - Consciente con Conciencia","og_description":"\u00a1Bienvenido a nuestro rinc\u00f3n dedicado a la salud y bienestar! En tiempos de incertidumbre, estamos aqu\u00ed para ofrecerte informaci\u00f3n personal basada en mi propia experiencia sobre h\u00e1bitos saludables y abordar temas relacionados con la crisis de la COVID-19. Juntos, podemos enfrentar los desaf\u00edos actuales y construir un camino hacia un bienestar duradero. Puedes navegar esta &hellip; Sigue leyendo \u00a1Bienvenidos!","og_url":"https:\/\/conscienteconconciencia.com\/","og_site_name":"Consciente con Conciencia","article_modified_time":"2024-05-12T10:41:51+00:00","og_image":[{"url":"https:\/\/conscienteconconciencia.files.wordpress.com\/2021\/10\/mundo-consciente-con-conciencia.jpg","type":"","width":"","height":""}],"twitter_card":"summary_large_image","twitter_misc":{"Tiempo de lectura":"2 minutos"},"schema":{"@context":"https:\/\/schema.org","@graph":[{"@type":"WebPage","@id":"https:\/\/conscienteconconciencia.com\/","url":"https:\/\/conscienteconconciencia.com\/","name":"\u00a1Bienvenidos! - Consciente con Conciencia","isPartOf":{"@id":"https:\/\/conscienteconconciencia.com\/#website"},"primaryImageOfPage":{"@id":"https:\/\/conscienteconconciencia.com\/#primaryimage"},"image":{"@id":"https:\/\/conscienteconconciencia.com\/#primaryimage"},"thumbnailUrl":"https:\/\/conscienteconconciencia.files.wordpress.com\/2021\/10\/mundo-consciente-con-conciencia.jpg","datePublished":"2021-10-17T21:28:15+00:00","dateModified":"2024-05-12T10:41:51+00:00","breadcrumb":{"@id":"https:\/\/conscienteconconciencia.com\/#breadcrumb"},"inLanguage":"es","potentialAction":[{"@type":"ReadAction","target":["https:\/\/conscienteconconciencia.com\/"]}]},{"@type":"ImageObject","inLanguage":"es","@id":"https:\/\/conscienteconconciencia.com\/#primaryimage","url":"https:\/\/conscienteconconciencia.files.wordpress.com\/2021\/10\/mundo-consciente-con-conciencia.jpg","contentUrl":"https:\/\/conscienteconconciencia.files.wordpress.com\/2021\/10\/mundo-consciente-con-conciencia.jpg"},{"@type":"BreadcrumbList","@id":"https:\/\/conscienteconconciencia.com\/#breadcrumb","itemListElement":[{"@type":"ListItem","position":1,"name":"Portada","item":"https:\/\/conscienteconconciencia.com\/"},{"@type":"ListItem","position":2,"name":"\u00a1Bienvenidos!"}]},{"@type":"WebSite","@id":"https:\/\/conscienteconconciencia.com\/#website","url":"https:\/\/conscienteconconciencia.com\/","name":"Consciente con Conciencia","description":"El bienestar integral es responsabilidad individual, los beneficios son para todos","publisher":{"@id":"https:\/\/conscienteconconciencia.com\/#organization"},"potentialAction":[{"@type":"SearchAction","target":{"@type":"EntryPoint","urlTemplate":"https:\/\/conscienteconconciencia.com\/?s={search_term_string}"},"query-input":{"@type":"PropertyValueSpecification","valueRequired":true,"valueName":"search_term_string"}}],"inLanguage":"es"},{"@type":"Organization","@id":"https:\/\/conscienteconconciencia.com\/#organization","name":"Consciente con Conciencia","url":"https:\/\/conscienteconconciencia.com\/","logo":{"@type":"ImageObject","inLanguage":"es","@id":"https:\/\/conscienteconconciencia.com\/#\/schema\/logo\/image\/","url":"https:\/\/conscienteconconciencia.com\/wp-content\/uploads\/2021\/11\/cropped-cropped-logo2.jpg","contentUrl":"https:\/\/conscienteconconciencia.com\/wp-content\/uploads\/2021\/11\/cropped-cropped-logo2.jpg","width":248,"height":248,"caption":"Consciente con Conciencia"},"image":{"@id":"https:\/\/conscienteconconciencia.com\/#\/schema\/logo\/image\/"}}]}},"_links":{"self":[{"href":"https:\/\/conscienteconconciencia.com\/index.php\/wp-json\/wp\/v2\/pages\/6","targetHints":{"allow":["GET"]}}],"collection":[{"href":"https:\/\/conscienteconconciencia.com\/index.php\/wp-json\/wp\/v2\/pages"}],"about":[{"href":"https:\/\/conscienteconconciencia.com\/index.php\/wp-json\/wp\/v2\/types\/page"}],"author":[{"embeddable":true,"href":"https:\/\/conscienteconconciencia.com\/index.php\/wp-json\/wp\/v2\/users\/1"}],"replies":[{"embeddable":true,"href":"https:\/\/conscienteconconciencia.com\/index.php\/wp-json\/wp\/v2\/comments?post=6"}],"version-history":[{"count":12,"href":"https:\/\/conscienteconconciencia.com\/index.php\/wp-json\/wp\/v2\/pages\/6\/revisions"}],"predecessor-version":[{"id":1788,"href":"https:\/\/conscienteconconciencia.com\/index.php\/wp-json\/wp\/v2\/pages\/6\/revisions\/1788"}],"wp:attachment":[{"href":"https:\/\/conscienteconconciencia.com\/index.php\/wp-json\/wp\/v2\/media?parent=6"}],"curies":[{"name":"wp","href":"https:\/\/api.w.org\/{rel}","templated":true}]}}