{"id":8,"date":"2021-10-17T21:28:13","date_gmt":"2021-10-17T21:28:13","guid":{"rendered":"https:\/\/conscienteconconciencia.wordpress.com\/contact\/"},"modified":"2021-10-17T21:28:13","modified_gmt":"2021-10-17T21:28:13","slug":"contact","status":"publish","type":"page","link":"https:\/\/conscienteconconciencia.com\/index.php\/contact\/","title":{"rendered":"Contacto"},"content":{"rendered":"\n<p><br>No puedo brindar asesoramiento m\u00e9dico, cient\u00edfico, psicol\u00f3gico o legal, sin embargo no dudes en ponerte en contacto dejando tu mensaje por medio del formulario o puedes escribirme un e-mail a:<\/p>\n\n\n\n<p class=\"has-text-align-center\"><a href=\"mailto:nochichfrei@duck.com\"><strong>nochichfrei@duck.com<\/strong><\/a><\/p>\n\n\n\n<div class=\"wp-block-columns alignwide has-2-columns is-layout-flex wp-container-core-columns-is-layout-9d6595d7 wp-block-columns-is-layout-flex\">\n<div class=\"wp-block-column is-layout-flow wp-block-column-is-layout-flow\">\n<h2 class=\"has-text-align-left wp-block-heading\" id=\"envia-tu-mensaje\">Env\u00eda tu mensaje<\/h2>\n\n\n\n<div class=\"wp-block-jetpack-contact-form\">\n\n\n\n<\/div>\n<\/div>\n<\/div>\n\n\n\n<figure class=\"wp-block-table is-style-regular has-normal-font-size\"><table><tbody><tr><td class=\"has-text-align-center\" data-align=\"center\"><img loading=\"lazy\" decoding=\"async\" width=\"150\" height=\"75\" class=\"wp-image-795\" style=\"width:150px;\" src=\"https:\/\/conscienteconconciencia.files.wordpress.com\/2021\/11\/telegram-ico.jpg\" alt=\"\" srcset=\"https:\/\/conscienteconconciencia.com\/wp-content\/uploads\/2021\/11\/telegram-ico.jpg 400w, https:\/\/conscienteconconciencia.com\/wp-content\/uploads\/2021\/11\/telegram-ico-300x150.jpg 300w\" sizes=\"auto, (max-width: 150px) 100vw, 150px\" \/><\/td><td class=\"has-text-align-left\" data-align=\"left\"><a rel=\"noreferrer noopener\" href=\"https:\/\/t.me\/Conscientes_con_Conciencia\" target=\"_blank\">https:\/\/t.me\/Conscientes_con_Conciencia<\/a><\/td><\/tr><\/tbody><\/table><\/figure>\n\n\n\n<div class=\"wp-block-image\"><figure class=\"aligncenter size-large is-resized\"><img loading=\"lazy\" decoding=\"async\" src=\"https:\/\/conscienteconconciencia.files.wordpress.com\/2022\/02\/ccc-telegram.jpeg?w=657\" alt=\"\" class=\"wp-image-1425\" width=\"212\" height=\"299\" srcset=\"https:\/\/conscienteconconciencia.com\/wp-content\/uploads\/2022\/02\/ccc-telegram.jpeg 657w, https:\/\/conscienteconconciencia.com\/wp-content\/uploads\/2022\/02\/ccc-telegram-213x300.jpeg 213w\" sizes=\"auto, (max-width: 212px) 100vw, 212px\" \/><\/figure><\/div>\n","protected":false},"excerpt":{"rendered":"<p>No puedo brindar asesoramiento m\u00e9dico, cient\u00edfico, psicol\u00f3gico o legal, sin embargo no dudes en ponerte en contacto dejando tu mensaje por medio del formulario o puedes escribirme un e-mail a: nochichfrei@duck.com Env\u00eda tu mensaje https:\/\/t.me\/Conscientes_con_Conciencia<\/p>\n","protected":false},"author":1,"featured_media":0,"parent":0,"menu_order":0,"comment_status":"closed","ping_status":"closed","template":"","meta":{"footnotes":""},"class_list":["post-8","page","type-page","status-publish","hentry"],"yoast_head":"<!-- This site is optimized with the Yoast SEO plugin v27.6 - https:\/\/yoast.com\/product\/yoast-seo-wordpress\/ -->\n<title>Contacto - Consciente con Conciencia<\/title>\n<meta name=\"robots\" content=\"index, follow, max-snippet:-1, max-image-preview:large, max-video-preview:-1\" \/>\n<link rel=\"canonical\" href=\"https:\/\/conscienteconconciencia.com\/index.php\/contact\/\" \/>\n<meta property=\"og:locale\" content=\"es_ES\" \/>\n<meta property=\"og:type\" content=\"article\" \/>\n<meta property=\"og:title\" content=\"Contacto - Consciente con Conciencia\" \/>\n<meta property=\"og:description\" content=\"No puedo brindar asesoramiento m\u00e9dico, cient\u00edfico, psicol\u00f3gico o legal, sin embargo no dudes en ponerte en contacto dejando tu mensaje por medio del formulario o puedes escribirme un e-mail a: nochichfrei@duck.com Env\u00eda tu mensaje https:\/\/t.me\/Conscientes_con_Conciencia\" \/>\n<meta property=\"og:url\" content=\"https:\/\/conscienteconconciencia.com\/index.php\/contact\/\" \/>\n<meta property=\"og:site_name\" content=\"Consciente con Conciencia\" \/>\n<meta property=\"og:image\" content=\"https:\/\/conscienteconconciencia.files.wordpress.com\/2021\/11\/telegram-ico.jpg\" \/>\n<meta name=\"twitter:card\" content=\"summary_large_image\" \/>\n<script type=\"application\/ld+json\" class=\"yoast-schema-graph\">{\"@context\":\"https:\\\/\\\/schema.org\",\"@graph\":[{\"@type\":\"WebPage\",\"@id\":\"https:\\\/\\\/conscienteconconciencia.com\\\/index.php\\\/contact\\\/\",\"url\":\"https:\\\/\\\/conscienteconconciencia.com\\\/index.php\\\/contact\\\/\",\"name\":\"Contacto - Consciente con Conciencia\",\"isPartOf\":{\"@id\":\"https:\\\/\\\/conscienteconconciencia.com\\\/#website\"},\"primaryImageOfPage\":{\"@id\":\"https:\\\/\\\/conscienteconconciencia.com\\\/index.php\\\/contact\\\/#primaryimage\"},\"image\":{\"@id\":\"https:\\\/\\\/conscienteconconciencia.com\\\/index.php\\\/contact\\\/#primaryimage\"},\"thumbnailUrl\":\"https:\\\/\\\/conscienteconconciencia.files.wordpress.com\\\/2021\\\/11\\\/telegram-ico.jpg\",\"datePublished\":\"2021-10-17T21:28:13+00:00\",\"breadcrumb\":{\"@id\":\"https:\\\/\\\/conscienteconconciencia.com\\\/index.php\\\/contact\\\/#breadcrumb\"},\"inLanguage\":\"es\",\"potentialAction\":[{\"@type\":\"ReadAction\",\"target\":[\"https:\\\/\\\/conscienteconconciencia.com\\\/index.php\\\/contact\\\/\"]}]},{\"@type\":\"ImageObject\",\"inLanguage\":\"es\",\"@id\":\"https:\\\/\\\/conscienteconconciencia.com\\\/index.php\\\/contact\\\/#primaryimage\",\"url\":\"https:\\\/\\\/conscienteconconciencia.files.wordpress.com\\\/2021\\\/11\\\/telegram-ico.jpg\",\"contentUrl\":\"https:\\\/\\\/conscienteconconciencia.files.wordpress.com\\\/2021\\\/11\\\/telegram-ico.jpg\"},{\"@type\":\"BreadcrumbList\",\"@id\":\"https:\\\/\\\/conscienteconconciencia.com\\\/index.php\\\/contact\\\/#breadcrumb\",\"itemListElement\":[{\"@type\":\"ListItem\",\"position\":1,\"name\":\"Portada\",\"item\":\"https:\\\/\\\/conscienteconconciencia.com\\\/\"},{\"@type\":\"ListItem\",\"position\":2,\"name\":\"Contacto\"}]},{\"@type\":\"WebSite\",\"@id\":\"https:\\\/\\\/conscienteconconciencia.com\\\/#website\",\"url\":\"https:\\\/\\\/conscienteconconciencia.com\\\/\",\"name\":\"Consciente con Conciencia\",\"description\":\"El bienestar integral es responsabilidad individual, los beneficios son para todos\",\"publisher\":{\"@id\":\"https:\\\/\\\/conscienteconconciencia.com\\\/#organization\"},\"potentialAction\":[{\"@type\":\"SearchAction\",\"target\":{\"@type\":\"EntryPoint\",\"urlTemplate\":\"https:\\\/\\\/conscienteconconciencia.com\\\/?s={search_term_string}\"},\"query-input\":{\"@type\":\"PropertyValueSpecification\",\"valueRequired\":true,\"valueName\":\"search_term_string\"}}],\"inLanguage\":\"es\"},{\"@type\":\"Organization\",\"@id\":\"https:\\\/\\\/conscienteconconciencia.com\\\/#organization\",\"name\":\"Consciente con Conciencia\",\"url\":\"https:\\\/\\\/conscienteconconciencia.com\\\/\",\"logo\":{\"@type\":\"ImageObject\",\"inLanguage\":\"es\",\"@id\":\"https:\\\/\\\/conscienteconconciencia.com\\\/#\\\/schema\\\/logo\\\/image\\\/\",\"url\":\"https:\\\/\\\/conscienteconconciencia.com\\\/wp-content\\\/uploads\\\/2021\\\/11\\\/cropped-cropped-logo2.jpg\",\"contentUrl\":\"https:\\\/\\\/conscienteconconciencia.com\\\/wp-content\\\/uploads\\\/2021\\\/11\\\/cropped-cropped-logo2.jpg\",\"width\":248,\"height\":248,\"caption\":\"Consciente con Conciencia\"},\"image\":{\"@id\":\"https:\\\/\\\/conscienteconconciencia.com\\\/#\\\/schema\\\/logo\\\/image\\\/\"}}]}<\/script>\n<!-- \/ Yoast SEO plugin. -->","yoast_head_json":{"title":"Contacto - Consciente con Conciencia","robots":{"index":"index","follow":"follow","max-snippet":"max-snippet:-1","max-image-preview":"max-image-preview:large","max-video-preview":"max-video-preview:-1"},"canonical":"https:\/\/conscienteconconciencia.com\/index.php\/contact\/","og_locale":"es_ES","og_type":"article","og_title":"Contacto - Consciente con Conciencia","og_description":"No puedo brindar asesoramiento m\u00e9dico, cient\u00edfico, psicol\u00f3gico o legal, sin embargo no dudes en ponerte en contacto dejando tu mensaje por medio del formulario o puedes escribirme un e-mail a: nochichfrei@duck.com Env\u00eda tu mensaje https:\/\/t.me\/Conscientes_con_Conciencia","og_url":"https:\/\/conscienteconconciencia.com\/index.php\/contact\/","og_site_name":"Consciente con Conciencia","og_image":[{"url":"https:\/\/conscienteconconciencia.files.wordpress.com\/2021\/11\/telegram-ico.jpg","type":"","width":"","height":""}],"twitter_card":"summary_large_image","schema":{"@context":"https:\/\/schema.org","@graph":[{"@type":"WebPage","@id":"https:\/\/conscienteconconciencia.com\/index.php\/contact\/","url":"https:\/\/conscienteconconciencia.com\/index.php\/contact\/","name":"Contacto - Consciente con Conciencia","isPartOf":{"@id":"https:\/\/conscienteconconciencia.com\/#website"},"primaryImageOfPage":{"@id":"https:\/\/conscienteconconciencia.com\/index.php\/contact\/#primaryimage"},"image":{"@id":"https:\/\/conscienteconconciencia.com\/index.php\/contact\/#primaryimage"},"thumbnailUrl":"https:\/\/conscienteconconciencia.files.wordpress.com\/2021\/11\/telegram-ico.jpg","datePublished":"2021-10-17T21:28:13+00:00","breadcrumb":{"@id":"https:\/\/conscienteconconciencia.com\/index.php\/contact\/#breadcrumb"},"inLanguage":"es","potentialAction":[{"@type":"ReadAction","target":["https:\/\/conscienteconconciencia.com\/index.php\/contact\/"]}]},{"@type":"ImageObject","inLanguage":"es","@id":"https:\/\/conscienteconconciencia.com\/index.php\/contact\/#primaryimage","url":"https:\/\/conscienteconconciencia.files.wordpress.com\/2021\/11\/telegram-ico.jpg","contentUrl":"https:\/\/conscienteconconciencia.files.wordpress.com\/2021\/11\/telegram-ico.jpg"},{"@type":"BreadcrumbList","@id":"https:\/\/conscienteconconciencia.com\/index.php\/contact\/#breadcrumb","itemListElement":[{"@type":"ListItem","position":1,"name":"Portada","item":"https:\/\/conscienteconconciencia.com\/"},{"@type":"ListItem","position":2,"name":"Contacto"}]},{"@type":"WebSite","@id":"https:\/\/conscienteconconciencia.com\/#website","url":"https:\/\/conscienteconconciencia.com\/","name":"Consciente con Conciencia","description":"El bienestar integral es responsabilidad individual, los beneficios son para todos","publisher":{"@id":"https:\/\/conscienteconconciencia.com\/#organization"},"potentialAction":[{"@type":"SearchAction","target":{"@type":"EntryPoint","urlTemplate":"https:\/\/conscienteconconciencia.com\/?s={search_term_string}"},"query-input":{"@type":"PropertyValueSpecification","valueRequired":true,"valueName":"search_term_string"}}],"inLanguage":"es"},{"@type":"Organization","@id":"https:\/\/conscienteconconciencia.com\/#organization","name":"Consciente con Conciencia","url":"https:\/\/conscienteconconciencia.com\/","logo":{"@type":"ImageObject","inLanguage":"es","@id":"https:\/\/conscienteconconciencia.com\/#\/schema\/logo\/image\/","url":"https:\/\/conscienteconconciencia.com\/wp-content\/uploads\/2021\/11\/cropped-cropped-logo2.jpg","contentUrl":"https:\/\/conscienteconconciencia.com\/wp-content\/uploads\/2021\/11\/cropped-cropped-logo2.jpg","width":248,"height":248,"caption":"Consciente con Conciencia"},"image":{"@id":"https:\/\/conscienteconconciencia.com\/#\/schema\/logo\/image\/"}}]}},"_links":{"self":[{"href":"https:\/\/conscienteconconciencia.com\/index.php\/wp-json\/wp\/v2\/pages\/8","targetHints":{"allow":["GET"]}}],"collection":[{"href":"https:\/\/conscienteconconciencia.com\/index.php\/wp-json\/wp\/v2\/pages"}],"about":[{"href":"https:\/\/conscienteconconciencia.com\/index.php\/wp-json\/wp\/v2\/types\/page"}],"author":[{"embeddable":true,"href":"https:\/\/conscienteconconciencia.com\/index.php\/wp-json\/wp\/v2\/users\/1"}],"replies":[{"embeddable":true,"href":"https:\/\/conscienteconconciencia.com\/index.php\/wp-json\/wp\/v2\/comments?post=8"}],"version-history":[{"count":0,"href":"https:\/\/conscienteconconciencia.com\/index.php\/wp-json\/wp\/v2\/pages\/8\/revisions"}],"wp:attachment":[{"href":"https:\/\/conscienteconconciencia.com\/index.php\/wp-json\/wp\/v2\/media?parent=8"}],"curies":[{"name":"wp","href":"https:\/\/api.w.org\/{rel}","templated":true}]}}