{"id":9,"date":"2021-10-17T21:28:12","date_gmt":"2021-10-17T21:28:12","guid":{"rendered":"https:\/\/conscienteconconciencia.wordpress.com\/about\/"},"modified":"2021-10-17T21:28:12","modified_gmt":"2021-10-17T21:28:12","slug":"about","status":"publish","type":"page","link":"https:\/\/conscienteconconciencia.com\/index.php\/about\/","title":{"rendered":"Acerca de &#8230;"},"content":{"rendered":"\n<div class=\"wp-block-columns are-vertically-aligned-top is-layout-flex wp-container-core-columns-is-layout-9d6595d7 wp-block-columns-is-layout-flex\">\n<div class=\"wp-block-column is-vertically-aligned-top is-layout-flow wp-block-column-is-layout-flow\">\n<div class=\"wp-block-image\"><figure class=\"aligncenter size-large is-resized\"><img loading=\"lazy\" decoding=\"async\" src=\"https:\/\/conscienteconconciencia.files.wordpress.com\/2021\/10\/ccc_avatar2.png?w=600\" alt=\"\" class=\"wp-image-73\" width=\"226\" height=\"226\" srcset=\"https:\/\/conscienteconconciencia.com\/wp-content\/uploads\/2021\/10\/ccc_avatar2.png 600w, https:\/\/conscienteconconciencia.com\/wp-content\/uploads\/2021\/10\/ccc_avatar2-300x300.png 300w, https:\/\/conscienteconconciencia.com\/wp-content\/uploads\/2021\/10\/ccc_avatar2-150x150.png 150w\" sizes=\"auto, (max-width: 226px) 100vw, 226px\" \/><\/figure><\/div>\n<\/div>\n\n\n\n<div class=\"wp-block-column is-vertically-aligned-top is-layout-flow wp-block-column-is-layout-flow\">\n<div class=\"wp-block-group\"><div class=\"wp-block-group__inner-container is-layout-flow wp-block-group-is-layout-flow\">\n<h4 class=\"has-text-align-left wp-block-heading\" id=\"block-10323592-4ced-43e7-a520-ec1cfa28b874\">&#8230; mis valores.<br>Porque es a trav\u00e9s de \u00e9stos donde podemos reconocernos.<br><br>Si me describiera como el individuo que tambi\u00e9n soy, entonces se perder\u00eda el sentido de este espacio.<\/h4>\n<\/div><\/div>\n<\/div>\n<\/div>\n\n\n\n<p class=\"has-text-align-justify\">De donde vengo, cual haya sido mi familia o cultura de origen, no necesariamente me definen como el ser humano que ahora soy.<br>Estoy siempre abierto a las nuevas transformaciones para mi desarrollo, en relaci\u00f3n al entorno social y natural donde me desenvuelvo.<\/p>\n\n\n\n<p class=\"has-text-align-justify\"><strong>Consciencia<\/strong> es \u00abla capacidad de reconocer la realidad circundante y de relacionarse con ella\u00bb.<\/p>\n\n\n\n<p class=\"has-text-align-justify\"><strong>Conciencia<\/strong> se define como \u00abel conocimiento que un individuo tiene de sus pensamientos, sus sentimientos y sus actos\u00bb, es decir: con conocimiento.<\/p>\n","protected":false},"excerpt":{"rendered":"<p>&#8230; mis valores.Porque es a trav\u00e9s de \u00e9stos donde podemos reconocernos. Si me describiera como el individuo que tambi\u00e9n soy, entonces se perder\u00eda el sentido de este espacio. De donde vengo, cual haya sido mi familia o cultura de origen, no necesariamente me definen como el ser humano que ahora soy.Estoy siempre abierto a las &hellip; <a href=\"https:\/\/conscienteconconciencia.com\/index.php\/about\/\" class=\"more-link\">Sigue leyendo <span class=\"screen-reader-text\">Acerca de &#8230;<\/span><\/a><\/p>\n","protected":false},"author":1,"featured_media":0,"parent":0,"menu_order":0,"comment_status":"closed","ping_status":"closed","template":"","meta":{"footnotes":""},"class_list":["post-9","page","type-page","status-publish","hentry"],"yoast_head":"<!-- This site is optimized with the Yoast SEO plugin v27.6 - https:\/\/yoast.com\/product\/yoast-seo-wordpress\/ -->\n<title>Acerca de ... - Consciente con Conciencia<\/title>\n<meta name=\"robots\" content=\"index, follow, max-snippet:-1, max-image-preview:large, max-video-preview:-1\" \/>\n<link rel=\"canonical\" href=\"https:\/\/conscienteconconciencia.com\/index.php\/about\/\" \/>\n<meta property=\"og:locale\" content=\"es_ES\" \/>\n<meta property=\"og:type\" content=\"article\" \/>\n<meta property=\"og:title\" content=\"Acerca de ... - Consciente con Conciencia\" \/>\n<meta property=\"og:description\" content=\"&#8230; mis valores.Porque es a trav\u00e9s de \u00e9stos donde podemos reconocernos. Si me describiera como el individuo que tambi\u00e9n soy, entonces se perder\u00eda el sentido de este espacio. De donde vengo, cual haya sido mi familia o cultura de origen, no necesariamente me definen como el ser humano que ahora soy.Estoy siempre abierto a las &hellip; Sigue leyendo Acerca de &#8230;\" \/>\n<meta property=\"og:url\" content=\"https:\/\/conscienteconconciencia.com\/index.php\/about\/\" \/>\n<meta property=\"og:site_name\" content=\"Consciente con Conciencia\" \/>\n<meta property=\"og:image\" content=\"https:\/\/conscienteconconciencia.files.wordpress.com\/2021\/10\/ccc_avatar2.png?w=600\" \/>\n<meta name=\"twitter:card\" content=\"summary_large_image\" \/>\n<meta name=\"twitter:label1\" content=\"Tiempo de lectura\" \/>\n\t<meta name=\"twitter:data1\" content=\"1 minuto\" \/>\n<script type=\"application\/ld+json\" class=\"yoast-schema-graph\">{\"@context\":\"https:\\\/\\\/schema.org\",\"@graph\":[{\"@type\":\"WebPage\",\"@id\":\"https:\\\/\\\/conscienteconconciencia.com\\\/index.php\\\/about\\\/\",\"url\":\"https:\\\/\\\/conscienteconconciencia.com\\\/index.php\\\/about\\\/\",\"name\":\"Acerca de ... - Consciente con Conciencia\",\"isPartOf\":{\"@id\":\"https:\\\/\\\/conscienteconconciencia.com\\\/#website\"},\"primaryImageOfPage\":{\"@id\":\"https:\\\/\\\/conscienteconconciencia.com\\\/index.php\\\/about\\\/#primaryimage\"},\"image\":{\"@id\":\"https:\\\/\\\/conscienteconconciencia.com\\\/index.php\\\/about\\\/#primaryimage\"},\"thumbnailUrl\":\"https:\\\/\\\/conscienteconconciencia.files.wordpress.com\\\/2021\\\/10\\\/ccc_avatar2.png?w=600\",\"datePublished\":\"2021-10-17T21:28:12+00:00\",\"breadcrumb\":{\"@id\":\"https:\\\/\\\/conscienteconconciencia.com\\\/index.php\\\/about\\\/#breadcrumb\"},\"inLanguage\":\"es\",\"potentialAction\":[{\"@type\":\"ReadAction\",\"target\":[\"https:\\\/\\\/conscienteconconciencia.com\\\/index.php\\\/about\\\/\"]}]},{\"@type\":\"ImageObject\",\"inLanguage\":\"es\",\"@id\":\"https:\\\/\\\/conscienteconconciencia.com\\\/index.php\\\/about\\\/#primaryimage\",\"url\":\"https:\\\/\\\/conscienteconconciencia.files.wordpress.com\\\/2021\\\/10\\\/ccc_avatar2.png?w=600\",\"contentUrl\":\"https:\\\/\\\/conscienteconconciencia.files.wordpress.com\\\/2021\\\/10\\\/ccc_avatar2.png?w=600\"},{\"@type\":\"BreadcrumbList\",\"@id\":\"https:\\\/\\\/conscienteconconciencia.com\\\/index.php\\\/about\\\/#breadcrumb\",\"itemListElement\":[{\"@type\":\"ListItem\",\"position\":1,\"name\":\"Portada\",\"item\":\"https:\\\/\\\/conscienteconconciencia.com\\\/\"},{\"@type\":\"ListItem\",\"position\":2,\"name\":\"Acerca de &#8230;\"}]},{\"@type\":\"WebSite\",\"@id\":\"https:\\\/\\\/conscienteconconciencia.com\\\/#website\",\"url\":\"https:\\\/\\\/conscienteconconciencia.com\\\/\",\"name\":\"Consciente con Conciencia\",\"description\":\"El bienestar integral es responsabilidad individual, los beneficios son para todos\",\"publisher\":{\"@id\":\"https:\\\/\\\/conscienteconconciencia.com\\\/#organization\"},\"potentialAction\":[{\"@type\":\"SearchAction\",\"target\":{\"@type\":\"EntryPoint\",\"urlTemplate\":\"https:\\\/\\\/conscienteconconciencia.com\\\/?s={search_term_string}\"},\"query-input\":{\"@type\":\"PropertyValueSpecification\",\"valueRequired\":true,\"valueName\":\"search_term_string\"}}],\"inLanguage\":\"es\"},{\"@type\":\"Organization\",\"@id\":\"https:\\\/\\\/conscienteconconciencia.com\\\/#organization\",\"name\":\"Consciente con Conciencia\",\"url\":\"https:\\\/\\\/conscienteconconciencia.com\\\/\",\"logo\":{\"@type\":\"ImageObject\",\"inLanguage\":\"es\",\"@id\":\"https:\\\/\\\/conscienteconconciencia.com\\\/#\\\/schema\\\/logo\\\/image\\\/\",\"url\":\"https:\\\/\\\/conscienteconconciencia.com\\\/wp-content\\\/uploads\\\/2021\\\/11\\\/cropped-cropped-logo2.jpg\",\"contentUrl\":\"https:\\\/\\\/conscienteconconciencia.com\\\/wp-content\\\/uploads\\\/2021\\\/11\\\/cropped-cropped-logo2.jpg\",\"width\":248,\"height\":248,\"caption\":\"Consciente con Conciencia\"},\"image\":{\"@id\":\"https:\\\/\\\/conscienteconconciencia.com\\\/#\\\/schema\\\/logo\\\/image\\\/\"}}]}<\/script>\n<!-- \/ Yoast SEO plugin. -->","yoast_head_json":{"title":"Acerca de ... - Consciente con Conciencia","robots":{"index":"index","follow":"follow","max-snippet":"max-snippet:-1","max-image-preview":"max-image-preview:large","max-video-preview":"max-video-preview:-1"},"canonical":"https:\/\/conscienteconconciencia.com\/index.php\/about\/","og_locale":"es_ES","og_type":"article","og_title":"Acerca de ... - Consciente con Conciencia","og_description":"&#8230; mis valores.Porque es a trav\u00e9s de \u00e9stos donde podemos reconocernos. Si me describiera como el individuo que tambi\u00e9n soy, entonces se perder\u00eda el sentido de este espacio. De donde vengo, cual haya sido mi familia o cultura de origen, no necesariamente me definen como el ser humano que ahora soy.Estoy siempre abierto a las &hellip; Sigue leyendo Acerca de &#8230;","og_url":"https:\/\/conscienteconconciencia.com\/index.php\/about\/","og_site_name":"Consciente con Conciencia","og_image":[{"url":"https:\/\/conscienteconconciencia.files.wordpress.com\/2021\/10\/ccc_avatar2.png?w=600","type":"","width":"","height":""}],"twitter_card":"summary_large_image","twitter_misc":{"Tiempo de lectura":"1 minuto"},"schema":{"@context":"https:\/\/schema.org","@graph":[{"@type":"WebPage","@id":"https:\/\/conscienteconconciencia.com\/index.php\/about\/","url":"https:\/\/conscienteconconciencia.com\/index.php\/about\/","name":"Acerca de ... - Consciente con Conciencia","isPartOf":{"@id":"https:\/\/conscienteconconciencia.com\/#website"},"primaryImageOfPage":{"@id":"https:\/\/conscienteconconciencia.com\/index.php\/about\/#primaryimage"},"image":{"@id":"https:\/\/conscienteconconciencia.com\/index.php\/about\/#primaryimage"},"thumbnailUrl":"https:\/\/conscienteconconciencia.files.wordpress.com\/2021\/10\/ccc_avatar2.png?w=600","datePublished":"2021-10-17T21:28:12+00:00","breadcrumb":{"@id":"https:\/\/conscienteconconciencia.com\/index.php\/about\/#breadcrumb"},"inLanguage":"es","potentialAction":[{"@type":"ReadAction","target":["https:\/\/conscienteconconciencia.com\/index.php\/about\/"]}]},{"@type":"ImageObject","inLanguage":"es","@id":"https:\/\/conscienteconconciencia.com\/index.php\/about\/#primaryimage","url":"https:\/\/conscienteconconciencia.files.wordpress.com\/2021\/10\/ccc_avatar2.png?w=600","contentUrl":"https:\/\/conscienteconconciencia.files.wordpress.com\/2021\/10\/ccc_avatar2.png?w=600"},{"@type":"BreadcrumbList","@id":"https:\/\/conscienteconconciencia.com\/index.php\/about\/#breadcrumb","itemListElement":[{"@type":"ListItem","position":1,"name":"Portada","item":"https:\/\/conscienteconconciencia.com\/"},{"@type":"ListItem","position":2,"name":"Acerca de &#8230;"}]},{"@type":"WebSite","@id":"https:\/\/conscienteconconciencia.com\/#website","url":"https:\/\/conscienteconconciencia.com\/","name":"Consciente con Conciencia","description":"El bienestar integral es responsabilidad individual, los beneficios son para todos","publisher":{"@id":"https:\/\/conscienteconconciencia.com\/#organization"},"potentialAction":[{"@type":"SearchAction","target":{"@type":"EntryPoint","urlTemplate":"https:\/\/conscienteconconciencia.com\/?s={search_term_string}"},"query-input":{"@type":"PropertyValueSpecification","valueRequired":true,"valueName":"search_term_string"}}],"inLanguage":"es"},{"@type":"Organization","@id":"https:\/\/conscienteconconciencia.com\/#organization","name":"Consciente con Conciencia","url":"https:\/\/conscienteconconciencia.com\/","logo":{"@type":"ImageObject","inLanguage":"es","@id":"https:\/\/conscienteconconciencia.com\/#\/schema\/logo\/image\/","url":"https:\/\/conscienteconconciencia.com\/wp-content\/uploads\/2021\/11\/cropped-cropped-logo2.jpg","contentUrl":"https:\/\/conscienteconconciencia.com\/wp-content\/uploads\/2021\/11\/cropped-cropped-logo2.jpg","width":248,"height":248,"caption":"Consciente con Conciencia"},"image":{"@id":"https:\/\/conscienteconconciencia.com\/#\/schema\/logo\/image\/"}}]}},"_links":{"self":[{"href":"https:\/\/conscienteconconciencia.com\/index.php\/wp-json\/wp\/v2\/pages\/9","targetHints":{"allow":["GET"]}}],"collection":[{"href":"https:\/\/conscienteconconciencia.com\/index.php\/wp-json\/wp\/v2\/pages"}],"about":[{"href":"https:\/\/conscienteconconciencia.com\/index.php\/wp-json\/wp\/v2\/types\/page"}],"author":[{"embeddable":true,"href":"https:\/\/conscienteconconciencia.com\/index.php\/wp-json\/wp\/v2\/users\/1"}],"replies":[{"embeddable":true,"href":"https:\/\/conscienteconconciencia.com\/index.php\/wp-json\/wp\/v2\/comments?post=9"}],"version-history":[{"count":0,"href":"https:\/\/conscienteconconciencia.com\/index.php\/wp-json\/wp\/v2\/pages\/9\/revisions"}],"wp:attachment":[{"href":"https:\/\/conscienteconconciencia.com\/index.php\/wp-json\/wp\/v2\/media?parent=9"}],"curies":[{"name":"wp","href":"https:\/\/api.w.org\/{rel}","templated":true}]}}